{"id":548,"date":"2024-05-21T20:16:01","date_gmt":"2024-05-21T20:16:01","guid":{"rendered":"https:\/\/ricrealasaguilas.com\/ricrea-las-aguilas\/"},"modified":"2026-03-04T02:55:08","modified_gmt":"2026-03-04T02:55:08","slug":"ricrea-las-aguilas","status":"publish","type":"page","link":"https:\/\/ricrealasaguilas.com\/fr\/","title":{"rendered":"Ricrea Las Aguilas"},"content":{"rendered":"<div id=\"cs-content\" class=\"cs-content\"><\/div>\n","protected":false},"excerpt":{"rendered":"<p>Nous serons ferm\u00e9s le dimanche 30 novembre 2025 pour un \u00e9v\u00e9nement priv\u00e9.Le Centre RicreaRicrea Las Aguilas est une communaut\u00e9 o\u00f9 l&rsquo;on vit sainement et en contact \u00e9troit avec la nature. Nous disposons d&rsquo; une ferme o\u00f9 nous produisons des aliments biologiques, \u00e9levons des animaux et produisons du lait que nous transformons dans notre laboratoire de fromage. Nous utilisons nos produits &#8230; <\/p>\n<div><a href=\"https:\/\/ricrealasaguilas.com\/fr\/\" class=\"more-link\">Read More<\/a><\/div>\n","protected":false},"author":1,"featured_media":0,"parent":0,"menu_order":0,"comment_status":"closed","ping_status":"closed","template":"template-blank-4.php","meta":{"inline_featured_image":false,"footnotes":""},"class_list":["post-548","page","type-page","status-publish","hentry","no-post-thumbnail"],"_links":{"self":[{"href":"https:\/\/ricrealasaguilas.com\/fr\/wp-json\/wp\/v2\/pages\/548","targetHints":{"allow":["GET"]}}],"collection":[{"href":"https:\/\/ricrealasaguilas.com\/fr\/wp-json\/wp\/v2\/pages"}],"about":[{"href":"https:\/\/ricrealasaguilas.com\/fr\/wp-json\/wp\/v2\/types\/page"}],"author":[{"embeddable":true,"href":"https:\/\/ricrealasaguilas.com\/fr\/wp-json\/wp\/v2\/users\/1"}],"replies":[{"embeddable":true,"href":"https:\/\/ricrealasaguilas.com\/fr\/wp-json\/wp\/v2\/comments?post=548"}],"version-history":[{"count":1,"href":"https:\/\/ricrealasaguilas.com\/fr\/wp-json\/wp\/v2\/pages\/548\/revisions"}],"predecessor-version":[{"id":549,"href":"https:\/\/ricrealasaguilas.com\/fr\/wp-json\/wp\/v2\/pages\/548\/revisions\/549"}],"wp:attachment":[{"href":"https:\/\/ricrealasaguilas.com\/fr\/wp-json\/wp\/v2\/media?parent=548"}],"curies":[{"name":"wp","href":"https:\/\/api.w.org\/{rel}","templated":true}]}}