{"id":597,"date":"2026-03-06T21:49:34","date_gmt":"2026-03-06T21:49:34","guid":{"rendered":"https:\/\/ricrealasaguilas.com\/valeurs\/"},"modified":"2026-03-12T18:49:06","modified_gmt":"2026-03-12T18:49:06","slug":"valeurs","status":"publish","type":"page","link":"https:\/\/ricrealasaguilas.com\/fr\/valeurs\/","title":{"rendered":"Valeurs"},"content":{"rendered":"<div id=\"cs-content\" class=\"cs-content\"><\/div>\n","protected":false},"excerpt":{"rendered":"<p>Nous serons ferm\u00e9s le dimanche 30 novembre 2025 pour un \u00e9v\u00e9nement priv\u00e9.Syst\u00e8me de valeurs Las Aguilas\u00c0 Las \u00c1guilas, notre style de vie est d\u00e9fini par 5 valeurs qui fa\u00e7onnent ce que nous faisons et comment nous le faisons.1 La VieLa vie est un flux universel intelligent et constant, qui se comporte en mode \u00e9lectromagn\u00e9tique. Sur ce plan, la vie cr\u00e9e, &#8230; <\/p>\n<div><a href=\"https:\/\/ricrealasaguilas.com\/fr\/valeurs\/\" class=\"more-link\">Read More<\/a><\/div>\n","protected":false},"author":1,"featured_media":0,"parent":0,"menu_order":0,"comment_status":"closed","ping_status":"closed","template":"template-blank-4.php","meta":{"inline_featured_image":false,"footnotes":""},"class_list":["post-597","page","type-page","status-publish","hentry","no-post-thumbnail"],"_links":{"self":[{"href":"https:\/\/ricrealasaguilas.com\/fr\/wp-json\/wp\/v2\/pages\/597","targetHints":{"allow":["GET"]}}],"collection":[{"href":"https:\/\/ricrealasaguilas.com\/fr\/wp-json\/wp\/v2\/pages"}],"about":[{"href":"https:\/\/ricrealasaguilas.com\/fr\/wp-json\/wp\/v2\/types\/page"}],"author":[{"embeddable":true,"href":"https:\/\/ricrealasaguilas.com\/fr\/wp-json\/wp\/v2\/users\/1"}],"replies":[{"embeddable":true,"href":"https:\/\/ricrealasaguilas.com\/fr\/wp-json\/wp\/v2\/comments?post=597"}],"version-history":[{"count":1,"href":"https:\/\/ricrealasaguilas.com\/fr\/wp-json\/wp\/v2\/pages\/597\/revisions"}],"predecessor-version":[{"id":598,"href":"https:\/\/ricrealasaguilas.com\/fr\/wp-json\/wp\/v2\/pages\/597\/revisions\/598"}],"wp:attachment":[{"href":"https:\/\/ricrealasaguilas.com\/fr\/wp-json\/wp\/v2\/media?parent=597"}],"curies":[{"name":"wp","href":"https:\/\/api.w.org\/{rel}","templated":true}]}}